{"id":76,"date":"2017-01-19T14:54:40","date_gmt":"2017-01-19T14:54:40","guid":{"rendered":"http:\/\/youxia-taichi.fr\/?page_id=76"},"modified":"2024-06-11T14:03:16","modified_gmt":"2024-06-11T14:03:16","slug":"home","status":"publish","type":"page","link":"https:\/\/youxia-taichi.fr\/","title":{"rendered":"Cours de Tai Chi Chuan et de Qi Gong adapt\u00e9s \u00e0 tous et \u00e0 toutes sur Tours et ses environs."},"content":{"rendered":"\n<p class=\"has-text-align-center\">Fabien Gibier vous propose au sein de<strong> Youxia Tai Chi<\/strong> des cours de <strong>Tai Chi Chuan<\/strong> et de <strong>Qi Gong<\/strong> pour tous publics.<\/p>\n\n\n\n<p class=\"has-text-align-center\">Profitez-donc de ces arts anciens pour vous remettre en forme, g\u00e9rer votre stress, vous d\u00e9passer ou acqu\u00e9rir des bases de self d\u00e9fense !<\/p>\n\n\n\n<p>Fort d&rsquo;une longue pratique de l&rsquo;enseignement et d&rsquo;exp\u00e9riences diverses en milieu m\u00e9dical (intervention en EHPAD et en r\u00e9adaptation cardiaque depuis 2016), en entreprise, en cours particuliers ou en association il m&rsquo;est possible de proposer \u00e0 chacun un enseignement selon ses besoins. Les techniques de sant\u00e9 bas\u00e9es sur la respiration et le mouvement lent, la forme du Tai Chi Chuan \u00e0 mains nues ou avec armes mais aussi le travail \u00e0 deux et les applications martiales vous seront transmises selon vos besoins.<\/p>\n\n\n\n<div class=\"wp-container-2 wp-block-columns\">\n<div class=\"wp-container-1 wp-block-column\" style=\"flex-basis:100%\">\n<p>Plusieurs services vous sont propos\u00e9s :<\/p>\n\n\n\n<ul><li><strong><a href=\"http:\/\/youxia-taichi.fr\/index.php\/cours\/cours-particuliers\/\" data-type=\"page\" data-id=\"315\">Cours \u00e0 domicile<\/a> <\/strong>ou dans les parcs pr\u00e8s de chez vous<\/li><li><strong><a href=\"http:\/\/youxia-taichi.fr\/index.php\/cours\/animations-en-entreprises\/\" data-type=\"page\" data-id=\"387\">S\u00e9ances en entreprise<\/a><\/strong> qu&rsquo;elles soient ponctuelles ou r\u00e9guli\u00e8res<\/li><li><a href=\"http:\/\/youxia-taichi.fr\/index.php\/cours\/courshebdomadaires\/\" data-type=\"page\" data-id=\"32\"><strong>Interventions en milieu m\u00e9dical <\/strong>(<\/a>h\u00f4pital, EHPAD etc)<\/li><\/ul>\n<\/div>\n<\/div>\n\n\n<div class=\"wp-block-image\">\n<figure class=\"aligncenter size-large is-resized\"><img loading=\"lazy\" src=\"http:\/\/youxia-taichi.fr\/wp-content\/uploads\/2019\/09\/DSCN4951-1024x768.jpg\" alt=\"\" class=\"wp-image-343\" width=\"435\" height=\"326\" srcset=\"https:\/\/youxia-taichi.fr\/wp-content\/uploads\/2019\/09\/DSCN4951-1024x768.jpg 1024w, https:\/\/youxia-taichi.fr\/wp-content\/uploads\/2019\/09\/DSCN4951-300x225.jpg 300w, https:\/\/youxia-taichi.fr\/wp-content\/uploads\/2019\/09\/DSCN4951-768x576.jpg 768w, https:\/\/youxia-taichi.fr\/wp-content\/uploads\/2019\/09\/DSCN4951-1440x1080.jpg 1440w\" sizes=\"(max-width: 435px) 100vw, 435px\" \/><figcaption>Cours \u00e0 Paris Plage &#8211; \u00e9t\u00e9 2019<\/figcaption><\/figure><\/div>","protected":false},"excerpt":{"rendered":"<p>Fabien Gibier vous propose au sein de Youxia Tai Chi des cours de Tai Chi Chuan et de Qi Gong pour tous publics. Profitez-donc de ces arts anciens pour vous remettre en forme, g\u00e9rer votre stress, vous d\u00e9passer ou acqu\u00e9rir des bases de self d\u00e9fense ! Fort d&rsquo;une longue pratique &hellip;<\/p>\n","protected":false},"author":2,"featured_media":0,"parent":0,"menu_order":1,"comment_status":"closed","ping_status":"closed","template":"","meta":[],"_links":{"self":[{"href":"https:\/\/youxia-taichi.fr\/index.php\/wp-json\/wp\/v2\/pages\/76"}],"collection":[{"href":"https:\/\/youxia-taichi.fr\/index.php\/wp-json\/wp\/v2\/pages"}],"about":[{"href":"https:\/\/youxia-taichi.fr\/index.php\/wp-json\/wp\/v2\/types\/page"}],"author":[{"embeddable":true,"href":"https:\/\/youxia-taichi.fr\/index.php\/wp-json\/wp\/v2\/users\/2"}],"replies":[{"embeddable":true,"href":"https:\/\/youxia-taichi.fr\/index.php\/wp-json\/wp\/v2\/comments?post=76"}],"version-history":[{"count":12,"href":"https:\/\/youxia-taichi.fr\/index.php\/wp-json\/wp\/v2\/pages\/76\/revisions"}],"predecessor-version":[{"id":416,"href":"https:\/\/youxia-taichi.fr\/index.php\/wp-json\/wp\/v2\/pages\/76\/revisions\/416"}],"wp:attachment":[{"href":"https:\/\/youxia-taichi.fr\/index.php\/wp-json\/wp\/v2\/media?parent=76"}],"curies":[{"name":"wp","href":"https:\/\/api.w.org\/{rel}","templated":true}]}}