{"id":71,"date":"2017-01-19T14:47:41","date_gmt":"2017-01-19T14:47:41","guid":{"rendered":"http:\/\/youxia-taichi.fr\/?page_id=71"},"modified":"2019-09-03T12:54:20","modified_gmt":"2019-09-03T12:54:20","slug":"enseignant","status":"publish","type":"page","link":"https:\/\/youxia-taichi.fr\/index.php\/enseignant\/","title":{"rendered":"Enseignant"},"content":{"rendered":"<p style=\"text-align: justify;\"><img loading=\"lazy\" class=\" wp-image-134 alignright\" src=\"http:\/\/youxia-taichi.fr\/wp-content\/uploads\/2017\/01\/parisplage20166-225x300.jpg\" alt=\"\" width=\"276\" height=\"368\" srcset=\"https:\/\/youxia-taichi.fr\/wp-content\/uploads\/2017\/01\/parisplage20166-225x300.jpg 225w, https:\/\/youxia-taichi.fr\/wp-content\/uploads\/2017\/01\/parisplage20166.jpg 375w\" sizes=\"(max-width: 276px) 100vw, 276px\" \/>Fabien Gibier pratique le Tai Chi Chuan du style Wudang Practical depuis 2009 avec Dominique Robin pour professeur. Il est devenu le disciple de Dan Docherty en 2012.<\/p>\n<p style=\"text-align: justify;\">Il suit r\u00e9guli\u00e8rement les stages d&rsquo;instructeurs Wudang Practical \u00e9trangers tels que Torben Rif (Danemark) et Godfrey Dornelly (Angleterre) lors de leurs venues en France.<\/p>\n<p style=\"text-align: justify;\">De plus, il s&rsquo;est initi\u00e9 \u00e0 la pratique de l&rsquo;aunka\u00ef avec Christophe Martin.<\/p>\n<p style=\"text-align: justify;\">Fabien a par ailleurs anim\u00e9 les ateliers Tai Chi Chuan de Paris Plages pendant les \u00e9t\u00e9s 2015, 2016 et 2019 et intervient r\u00e9guli\u00e8rement en EHPAD pour proposer une pratique adapt\u00e9e aux besoins des r\u00e9sidents.<\/p>\n<p>Il dispense aussi des ateliers Tai Chi au sein de l&rsquo;unit\u00e9 de r\u00e9adaptation cardiaque de l&rsquo;h\u00f4pital priv\u00e9 Jacques Cartier de Massy.<\/p>\n<p style=\"text-align: justify;\">Il est titulaire du Certifiact de Moniteur d\u00e9livr\u00e9 par la F\u00e9d\u00e9ration des Arts Energ\u00e9tiques et Martiaux Chinois (FAEMC) et du Certificat de Qualification Professionnelle mention arts martiaux chinois internes. Il dispose de la carte professionnelle d&rsquo;\u00e9ducateur sportif (mention arts martiaux chinois internes) d\u00e9livr\u00e9e par la CPNEF du Sport.<\/p>\n<p><span style=\"color: #333333; font-family: Arial,Helvetica,sans-serif; font-size: medium;\">\u00a0<\/span><\/p>\n","protected":false},"excerpt":{"rendered":"<p>Fabien Gibier pratique le Tai Chi Chuan du style Wudang Practical depuis 2009 avec Dominique Robin pour professeur. Il est devenu le disciple de Dan Docherty en 2012. Il suit r\u00e9guli\u00e8rement les stages d&rsquo;instructeurs Wudang Practical \u00e9trangers tels que Torben Rif (Danemark) et Godfrey Dornelly (Angleterre) lors de leurs venues &hellip;<\/p>\n","protected":false},"author":1,"featured_media":0,"parent":0,"menu_order":4,"comment_status":"closed","ping_status":"closed","template":"","meta":[],"_links":{"self":[{"href":"https:\/\/youxia-taichi.fr\/index.php\/wp-json\/wp\/v2\/pages\/71"}],"collection":[{"href":"https:\/\/youxia-taichi.fr\/index.php\/wp-json\/wp\/v2\/pages"}],"about":[{"href":"https:\/\/youxia-taichi.fr\/index.php\/wp-json\/wp\/v2\/types\/page"}],"author":[{"embeddable":true,"href":"https:\/\/youxia-taichi.fr\/index.php\/wp-json\/wp\/v2\/users\/1"}],"replies":[{"embeddable":true,"href":"https:\/\/youxia-taichi.fr\/index.php\/wp-json\/wp\/v2\/comments?post=71"}],"version-history":[{"count":9,"href":"https:\/\/youxia-taichi.fr\/index.php\/wp-json\/wp\/v2\/pages\/71\/revisions"}],"predecessor-version":[{"id":357,"href":"https:\/\/youxia-taichi.fr\/index.php\/wp-json\/wp\/v2\/pages\/71\/revisions\/357"}],"wp:attachment":[{"href":"https:\/\/youxia-taichi.fr\/index.php\/wp-json\/wp\/v2\/media?parent=71"}],"curies":[{"name":"wp","href":"https:\/\/api.w.org\/{rel}","templated":true}]}}