{"id":58,"date":"2016-01-29T13:39:43","date_gmt":"2016-01-29T13:39:43","guid":{"rendered":"http:\/\/youxia-taichi.fr\/?page_id=58"},"modified":"2017-04-06T14:15:45","modified_gmt":"2017-04-06T14:15:45","slug":"breve-introduction-au-tai-chi-chuan","status":"publish","type":"page","link":"https:\/\/youxia-taichi.fr\/index.php\/tai-chi-chuan\/breve-introduction-au-tai-chi-chuan\/","title":{"rendered":"Br\u00e8ve introduction au Tai Chi Chuan"},"content":{"rendered":"<p style=\"text-align: justify;\">Le Tai Chi Chuan est un art martial chinois qui met l&#8217;emphase sur le rel\u00e2chement et le d\u00e9veloppement d&rsquo;une force souple et dynamique. Les principes fondamentaux visent \u00e0 permettre au faible de vaincre le fort par l&rsquo;\u00e9coute, la transformation et la restitution de la force de l&rsquo;adversaire. L&rsquo;imagerie et les concepts employ\u00e9s par cette pratique puisent dans le fond culturel tao\u00efste de la Chine.<\/p>\n<p style=\"text-align: justify;\">Sa version moderne \u00e9merge au XIX \u00e8me si\u00e8cle. Elle a \u00e9t\u00e9 popularis\u00e9e \u00e0 P\u00e9kin par Yang Lu Chan qui, en s&rsquo;installant dans la capitale, a permis la diffusion de cette pratique et de ses concepts. En mati\u00e8re d&rsquo;histoire du d\u00e9veloppement du Tai Chi Chuan rien n&rsquo;est d\u00e9finitivement \u00e9tabli. Retenons donc que Yang a appris au contact de la famille Chen (style Chen) \u00e0 Chenjiagou avant de cr\u00e9er sa propre version (style Yang). L&rsquo;art fut ensuite transmis par ses descendants dont les \u00e9l\u00e8ves cr\u00e9\u00e8rent diff\u00e9rentes styles (Wu, Wu Hao, Sun&#8230;).<\/p>\n<p style=\"text-align: justify;\">Les al\u00e9as historiques et les variations introduites dans la transmission de l&rsquo;art ont peu \u00e0 peu permis au Tai Chi Chuan de se d\u00e9velopper aussi comme pratique de sant\u00e9 et de bien \u00eatre.<\/p>\n<p style=\"text-align: justify;\">Lors de la p\u00e9riode communiste le Tai Chi Chuan fut profond\u00e9ment transform\u00e9 par les \u00e9lites qui souhaitaient encadrer les arts martiaux traditionnels et d\u00e9velopper des pratiques gymniques de masse. Il en r\u00e9sulta de profonds bouleversements dans la transmission et l&rsquo;enseignement de cette pratique. Les cons\u00e9quences les plus directes furent la quasi disparition des techniques de combat les plus efficaces et l&rsquo;hybridation avec des m\u00e9thodes \u00e9nerg\u00e9tiques (Dao Yin, Qi Gong) ainsi qu&rsquo;une massification de la pratique.<\/p>\n<p style=\"text-align: justify;\">Lors de la deuxi\u00e8me moiti\u00e9 du XX \u00e8me si\u00e8cle le Tai Chi Chuan conquit de nouveaux territoires et commen\u00e7a d&rsquo;\u00eatre largement diffus\u00e9 en Europe et aux \u00c9tats-Unis. Au d\u00e9but de notre XXI \u00e8me si\u00e8cle il est devenu une pratique bien \u00e9tablie et toujours en plein d\u00e9veloppement. Les enseignements regroup\u00e9s sous le m\u00eame nom de Tai Chi Chuan sont extr\u00eamement vari\u00e9s et vont des arts \u00e9nerg\u00e9tiques et de sant\u00e9 aux arts martiaux qui conservent une dimension combative tr\u00e8s marqu\u00e9e.<\/p>\n","protected":false},"excerpt":{"rendered":"<p>Le Tai Chi Chuan est un art martial chinois qui met l&#8217;emphase sur le rel\u00e2chement et le d\u00e9veloppement d&rsquo;une force souple et dynamique. Les principes fondamentaux visent \u00e0 permettre au faible de vaincre le fort par l&rsquo;\u00e9coute, la transformation et la restitution de la force de l&rsquo;adversaire. L&rsquo;imagerie et les &hellip;<\/p>\n","protected":false},"author":1,"featured_media":0,"parent":61,"menu_order":0,"comment_status":"closed","ping_status":"closed","template":"","meta":[],"_links":{"self":[{"href":"https:\/\/youxia-taichi.fr\/index.php\/wp-json\/wp\/v2\/pages\/58"}],"collection":[{"href":"https:\/\/youxia-taichi.fr\/index.php\/wp-json\/wp\/v2\/pages"}],"about":[{"href":"https:\/\/youxia-taichi.fr\/index.php\/wp-json\/wp\/v2\/types\/page"}],"author":[{"embeddable":true,"href":"https:\/\/youxia-taichi.fr\/index.php\/wp-json\/wp\/v2\/users\/1"}],"replies":[{"embeddable":true,"href":"https:\/\/youxia-taichi.fr\/index.php\/wp-json\/wp\/v2\/comments?post=58"}],"version-history":[{"count":2,"href":"https:\/\/youxia-taichi.fr\/index.php\/wp-json\/wp\/v2\/pages\/58\/revisions"}],"predecessor-version":[{"id":164,"href":"https:\/\/youxia-taichi.fr\/index.php\/wp-json\/wp\/v2\/pages\/58\/revisions\/164"}],"up":[{"embeddable":true,"href":"https:\/\/youxia-taichi.fr\/index.php\/wp-json\/wp\/v2\/pages\/61"}],"wp:attachment":[{"href":"https:\/\/youxia-taichi.fr\/index.php\/wp-json\/wp\/v2\/media?parent=58"}],"curies":[{"name":"wp","href":"https:\/\/api.w.org\/{rel}","templated":true}]}}