{"id":387,"date":"2022-10-18T12:06:42","date_gmt":"2022-10-18T12:06:42","guid":{"rendered":"http:\/\/youxia-taichi.fr\/?page_id=387"},"modified":"2022-10-18T12:42:01","modified_gmt":"2022-10-18T12:42:01","slug":"animations-en-entreprises","status":"publish","type":"page","link":"https:\/\/youxia-taichi.fr\/index.php\/cours\/animations-en-entreprises\/","title":{"rendered":"Animations en entreprise"},"content":{"rendered":"\n<p>Ayant assur\u00e9 les s\u00e9ances de Tai Chi \u00e0 Paris plages pendant plusieurs ann\u00e9es et \u00e9tant intervenu en entreprise lors de workshops ou de weekend de team building, j&rsquo;ai d\u00e9velopp\u00e9 une pratique du Tai Chi \u00e0 destination d&rsquo;un public actif aux probl\u00e9matiques sp\u00e9cifiques.<\/p>\n\n\n\n<p>Les exercices choisis suivent deux axes principaux.<\/p>\n\n\n\n<p>Le premier concerne l&rsquo;aspect gestion du stress gr\u00e2ce \u00e0 la pratique de mouvements lents et \u00e0 l&rsquo;\u00e9tablissement d&rsquo;une respiration fine et profonde. Une attention sp\u00e9cifique est port\u00e9e aux douleurs dorsales et articulaires avec un l\u00e9ger travail de renforcement.<\/p>\n\n\n\n<p>Le second aspect est celui de la coh\u00e9sion et de la capacit\u00e9 \u00e0 travailler avec et non contre un partenaire. Le travail \u00e0 deux du Tai Chi est particuli\u00e8rement abord\u00e9 avec des exercices en bin\u00f4me pour favoriser l&rsquo;\u00e9coute et le rel\u00e2chement.<\/p>\n\n\n\n<p>Je suis aussi disponible pour animer des s\u00e9ances hebdomadaires de Tai Chi Chuan en entreprise. Lors de ces cours r\u00e9guliers tous les aspects de la pratique peuvent \u00eatre abord\u00e9s.<\/p>\n\n\n\n<p>Si vous souhaitez avoir recours \u00e0 mes services, vous me pouvez me contacter \u00e0 l&rsquo;adresse <a href=\"mailto:youxia.taichi@yahoo.fr\">youxia.taichi@yahoo.fr<\/a><\/p>\n","protected":false},"excerpt":{"rendered":"<p>Ayant assur\u00e9 les s\u00e9ances de Tai Chi \u00e0 Paris plages pendant plusieurs ann\u00e9es et \u00e9tant intervenu en entreprise lors de workshops ou de weekend de team building, j&rsquo;ai d\u00e9velopp\u00e9 une pratique du Tai Chi \u00e0 destination d&rsquo;un public actif aux probl\u00e9matiques sp\u00e9cifiques. Les exercices choisis suivent deux axes principaux. Le &hellip;<\/p>\n","protected":false},"author":1,"featured_media":0,"parent":321,"menu_order":0,"comment_status":"closed","ping_status":"closed","template":"","meta":[],"_links":{"self":[{"href":"https:\/\/youxia-taichi.fr\/index.php\/wp-json\/wp\/v2\/pages\/387"}],"collection":[{"href":"https:\/\/youxia-taichi.fr\/index.php\/wp-json\/wp\/v2\/pages"}],"about":[{"href":"https:\/\/youxia-taichi.fr\/index.php\/wp-json\/wp\/v2\/types\/page"}],"author":[{"embeddable":true,"href":"https:\/\/youxia-taichi.fr\/index.php\/wp-json\/wp\/v2\/users\/1"}],"replies":[{"embeddable":true,"href":"https:\/\/youxia-taichi.fr\/index.php\/wp-json\/wp\/v2\/comments?post=387"}],"version-history":[{"count":5,"href":"https:\/\/youxia-taichi.fr\/index.php\/wp-json\/wp\/v2\/pages\/387\/revisions"}],"predecessor-version":[{"id":413,"href":"https:\/\/youxia-taichi.fr\/index.php\/wp-json\/wp\/v2\/pages\/387\/revisions\/413"}],"up":[{"embeddable":true,"href":"https:\/\/youxia-taichi.fr\/index.php\/wp-json\/wp\/v2\/pages\/321"}],"wp:attachment":[{"href":"https:\/\/youxia-taichi.fr\/index.php\/wp-json\/wp\/v2\/media?parent=387"}],"curies":[{"name":"wp","href":"https:\/\/api.w.org\/{rel}","templated":true}]}}