{"id":36,"date":"2016-01-07T17:05:08","date_gmt":"2016-01-07T17:05:08","guid":{"rendered":"http:\/\/youxia-taichi.fr\/?page_id=36"},"modified":"2017-08-28T14:57:16","modified_gmt":"2017-08-28T14:57:16","slug":"practical-tai-chi-chuan","status":"publish","type":"page","link":"https:\/\/youxia-taichi.fr\/index.php\/tai-chi-chuan\/practical-tai-chi-chuan\/","title":{"rendered":"Pr\u00e9sentation du style Wudang Practical"},"content":{"rendered":"<p style=\"text-align: justify;\">Le style de Tai Chi Chuan Wudang Practical est une \u00e9cole r\u00e9cente si on la compare \u00e0 celles ayant \u00e9merg\u00e9 \u00e0 la fin du 19\u00e8me si\u00e8cle. Elle est souvent confondue avec l\u2019\u00e9cole Wu qui poss\u00e8de des bases communes ou avec la pratique martiale des monts Wudang qui commence \u00e0 se faire conna\u00eetre en occident. Elles n\u2019ont de point commun que le nom.<\/p>\n<p>&nbsp;<\/p>\n<p style=\"text-align: center;\"><strong>Le fondateur\u00a0: Cheng Ting Hung (1930-2005)<\/strong><\/p>\n<p><img loading=\"lazy\" class=\"size-medium wp-image-152 alignright\" src=\"http:\/\/youxia-taichi.fr\/wp-content\/uploads\/2016\/01\/images.duckduckgo.com_-244x300.jpeg\" alt=\"\" width=\"244\" height=\"300\" srcset=\"https:\/\/youxia-taichi.fr\/wp-content\/uploads\/2016\/01\/images.duckduckgo.com_-244x300.jpeg 244w, https:\/\/youxia-taichi.fr\/wp-content\/uploads\/2016\/01\/images.duckduckgo.com_.jpeg 299w\" sizes=\"(max-width: 244px) 100vw, 244px\" \/><\/p>\n<p style=\"text-align: justify;\">Cheng Ting Hung est issus d\u2019une famille du sud de la Chine. Il apprit dans son enfance une boxe du sud transmise par son grand-p\u00e8re puis rejoignit son oncle Cheng Wing Kwong \u00e0 Hong Kong. Celui-ci \u00e9tait l\u2019un des rares disciples de Wu Jian Qian, le fondateur du style Wu. Il transmit donc son enseignement \u00e0 son neveu et le forma \u00e0 la pratique du Tai Chi Chuan.<\/p>\n<p style=\"text-align: justify;\">Mais Cheng Ting Hung eut un autre professeur du nom de Qi Min Xuan qu\u2019il rencontra en 1946. Cet homme reste myst\u00e9rieux faute de sources s\u00fbres. On sait de lui qu\u2019il \u00e9tait originaire du Hebei et qu\u2019il \u00e9tait un pratiquant accompli de Tai Chi Chuan et un adepte du Nei Gong (travail interne). Il \u00e9tait aussi fameux pour la duret\u00e9 de son enseignement et pour l\u2019aspect r\u00e9solument martial de sa pratique. C\u2019est lui qui transmit les 24 exercices de Nei Gong encore pratiqu\u00e9s dans l\u2019\u00e9cole Wudang Practical.<\/p>\n<p style=\"text-align: justify;\">Fort de ces deux sources de savoir, Cheng Ting Hung mit progressivement en \u0153uvre au cours des ann\u00e9es 50 ce qu\u2019il avait appris en cr\u00e9ant un enseignement particulier et en combattant. Il gagna ainsi plusieurs affrontements contre des disciples d\u2019autres \u00e9coles d&rsquo;arts martiaux chinois et chercha tout au long de sa carri\u00e8re \u00e0 rappeler l\u2019origine martiale du Tai Chi Chuan, s\u2019attirant m\u00eame le surnom de \u00ab\u00a0Tai Chi Bodyguard\u00a0\u00bb.<\/p>\n<p style=\"text-align: justify;\">Il choisit de nommer son enseignement \u00ab\u00a0Wudang Tai Chi Chuan\u00a0\u00bb en r\u00e9f\u00e9rence aux origines tao\u00efstes de la pratique (les monts Wudang sont un haut lieu du tao\u00efsme en Chine). En effet, Cheng Ting Hung ne pr\u00e9tendait pas repr\u00e9senter la transmission d\u2019une famille en particulier (Yang, Chen, Wu\u2026) mais une synth\u00e8se effectu\u00e9e par ses soins et visant \u00e0 r\u00e9introduire des exercices disparus ou n\u00e9glig\u00e9s par les autres \u00e9coles (pratique du nei gong et du san shou, \u00e9tude des classique du Tai Chi Chuan notamment).<\/p>\n<p style=\"text-align: justify;\">Le terme de practical fut souvent utilis\u00e9 par les journalistes hong-kongais des ann\u00e9es 50 pour caract\u00e9riser son enseignement qui montrait une efficacit\u00e9 et un aspect pratique \u00e9vident.<\/p>\n<p style=\"text-align: justify;\">Plus d\u2019informations\u00a0:<a href=\"https:\/\/en.wikipedia.org\/wiki\/Cheng_Tin_Hung\"> https:\/\/en.wikipedia.org\/wiki\/Cheng_Tin_Hung<\/a><\/p>\n<p>&nbsp;<\/p>\n<p>&nbsp;<\/p>\n<p style=\"text-align: center;\"><strong>La transmission en Europe\u00a0: Dan Docherty<\/strong><\/p>\n<p style=\"text-align: center;\"><img loading=\"lazy\" class=\"size-medium wp-image-153 alignleft\" src=\"http:\/\/youxia-taichi.fr\/wp-content\/uploads\/2016\/01\/Dan-Webhead-190x300-190x300.jpg\" alt=\"\" width=\"190\" height=\"300\" \/><\/p>\n<p style=\"text-align: justify;\">Dan Docherty a d\u00e9but\u00e9 sa pratique martiale avec le karat\u00e9 au d\u00e9but des ann\u00e9es 70. A la recherche d\u2019un aspect diff\u00e9rent et plus subtil, il connut un d\u00e9clic en d\u00e9couvrant les pratiques chinoises dites \u00ab\u00a0internes\u00a0\u00bb. Afin de recevoir l\u2019enseignement \u00e0 sa source il s\u2019engagea dans les forces de police britanniques et se retrouva \u00e0 Hong Kong. Il y fit la rencontre de Cheng Ting Hung qui devint son ma\u00eetre et avec qui il \u00e9tudia de 1975 \u00e0 1984. La capacit\u00e9 \u00e0 s\u2019investir dans la pratique et la croyance que le Tai Chi Chuan permet d\u2019apporter une meilleur sant\u00e9 et une plus grande efficacit\u00e9 au combat firent de Dan Docherty un pratiquant enthousiaste et dou\u00e9 qui absorba l\u2019enti\u00e8ret\u00e9 de la pratique cr\u00e9\u00e9e par Cheng Ting Hung. Toujours soucieux de promouvoir l\u2019aspect martial, il participa \u00e0 de nombreux combats et fut notamment le vainqueur des championnats de full contact d\u2019Asie du sud-est en 1980.<\/p>\n<p style=\"text-align: justify;\">A son retour au Royaume Uni en 1984 il commen\u00e7a \u00e0 diffuser l\u2019enseignement acquis \u00e0 Hong Kong et fit beaucoup pour l\u2019essor du Tai Chi Chuan outre-manche et en Europe. Ainsi, il cofonda la f\u00e9d\u00e9ration europ\u00e9enne de Tai Chi Chuan (TCFE). Ayant form\u00e9 de nombreux \u00e9l\u00e8ves, l\u2019\u00e9cole Wudang Practical se r\u00e9pandit dans les pays scandinaves, en France, en Isra\u00ebl et m\u00eame en Nouvelle-Z\u00e9lande.<\/p>\n<p style=\"text-align: justify;\">L\u2019\u00e9criture et la publication de plusieurs livres lui permirent d\u2019accompagner l\u2019apprentissage de nombreux pratiquants et contribu\u00e8rent \u00e0 la diffusion de sa vision d\u2019un art qui, bien qu\u2019ouvert \u00e0 tous, ne doit pas n\u00e9gliger les diff\u00e9rents aspects du Tai Chi Chuan. Son franc-parler et son rejet des aspects mystico-\u00e9sot\u00e9riques aujourd\u2019hui \u00e0 la mode dans le domaine des arts \u00e9nerg\u00e9tiques contribu\u00e8rent \u00e0 forger sa r\u00e9putation.<\/p>\n<p>&nbsp;<\/p>\n<p>&nbsp;<\/p>\n<p style=\"text-align: center;\"><strong>Lign\u00e9e du Style Wudang Practical\u00a0<\/strong><\/p>\n<p style=\"text-align: center;\"><img loading=\"lazy\" class=\"alignnone wp-image-154\" src=\"http:\/\/youxia-taichi.fr\/wp-content\/uploads\/2016\/01\/Lineage-213x300.gif\" alt=\"\" width=\"531\" height=\"747\" srcset=\"https:\/\/youxia-taichi.fr\/wp-content\/uploads\/2016\/01\/Lineage-213x300.gif 213w, https:\/\/youxia-taichi.fr\/wp-content\/uploads\/2016\/01\/Lineage-768x1080.gif 768w, https:\/\/youxia-taichi.fr\/wp-content\/uploads\/2016\/01\/Lineage-728x1024.gif 728w\" sizes=\"(max-width: 531px) 100vw, 531px\" \/><\/p>\n<p>&nbsp;<\/p>\n","protected":false},"excerpt":{"rendered":"<p>Le style de Tai Chi Chuan Wudang Practical est une \u00e9cole r\u00e9cente si on la compare \u00e0 celles ayant \u00e9merg\u00e9 \u00e0 la fin du 19\u00e8me si\u00e8cle. Elle est souvent confondue avec l\u2019\u00e9cole Wu qui poss\u00e8de des bases communes ou avec la pratique martiale des monts Wudang qui commence \u00e0 se &hellip;<\/p>\n","protected":false},"author":1,"featured_media":0,"parent":61,"menu_order":0,"comment_status":"closed","ping_status":"closed","template":"","meta":[],"_links":{"self":[{"href":"https:\/\/youxia-taichi.fr\/index.php\/wp-json\/wp\/v2\/pages\/36"}],"collection":[{"href":"https:\/\/youxia-taichi.fr\/index.php\/wp-json\/wp\/v2\/pages"}],"about":[{"href":"https:\/\/youxia-taichi.fr\/index.php\/wp-json\/wp\/v2\/types\/page"}],"author":[{"embeddable":true,"href":"https:\/\/youxia-taichi.fr\/index.php\/wp-json\/wp\/v2\/users\/1"}],"replies":[{"embeddable":true,"href":"https:\/\/youxia-taichi.fr\/index.php\/wp-json\/wp\/v2\/comments?post=36"}],"version-history":[{"count":13,"href":"https:\/\/youxia-taichi.fr\/index.php\/wp-json\/wp\/v2\/pages\/36\/revisions"}],"predecessor-version":[{"id":258,"href":"https:\/\/youxia-taichi.fr\/index.php\/wp-json\/wp\/v2\/pages\/36\/revisions\/258"}],"up":[{"embeddable":true,"href":"https:\/\/youxia-taichi.fr\/index.php\/wp-json\/wp\/v2\/pages\/61"}],"wp:attachment":[{"href":"https:\/\/youxia-taichi.fr\/index.php\/wp-json\/wp\/v2\/media?parent=36"}],"curies":[{"name":"wp","href":"https:\/\/api.w.org\/{rel}","templated":true}]}}