{"id":32,"date":"2016-01-07T17:00:45","date_gmt":"2016-01-07T17:00:45","guid":{"rendered":"http:\/\/youxia-taichi.fr\/?page_id=32"},"modified":"2022-10-18T12:42:42","modified_gmt":"2022-10-18T12:42:42","slug":"courshebdomadaires","status":"publish","type":"page","link":"https:\/\/youxia-taichi.fr\/index.php\/cours\/courshebdomadaires\/","title":{"rendered":"S\u00e9ances en milieu m\u00e9dical"},"content":{"rendered":"<hr \/>\n<hr \/>\n<p>Intervenant en EHPAD et en r\u00e9adaptation cardiaque \u00e0 l&rsquo;h\u00f4pital de Massy depuis 2016, je poss\u00e8de l&rsquo;exp\u00e9rience n\u00e9cessaire pour animer des s\u00e9ances de Tai Chi \/ Qi Gong en milieu hospitalier.<\/p>\n<p>La pratique propos\u00e9e diff\u00e8re de celle habituelle puisque les mouvements effectu\u00e9s sont simplifi\u00e9s, adapt\u00e9s selon les pathologies voire effectu\u00e9s assis lorsque n\u00e9cessaire. Il est mis l&rsquo;accent sur le travail respiratoire, la gestion du stress, le renforcement musculaire et la recherche d&rsquo;une posture correcte.<\/p>\n<p>Les formations suivies ainsi que les connaissances acquises en travaillant \u00e0 l&rsquo;HPJC au contact des kin\u00e9s et cardiologues me permettent de prendre en compte les probl\u00e9matiques li\u00e9es aux maladies chroniques et d&rsquo;inscrire la pratique du Tai Chi dans la logique des soins de suite et de r\u00e9adaptation.<\/p>\n<p>Pour me contacter : <a href=\"mailto:youxia.taichi@yahoo.fr\">youxia.taichi@yahoo.fr<\/a><\/p>\n","protected":false},"excerpt":{"rendered":"<p>Intervenant en EHPAD et en r\u00e9adaptation cardiaque \u00e0 l&rsquo;h\u00f4pital de Massy depuis 2016, je poss\u00e8de l&rsquo;exp\u00e9rience n\u00e9cessaire pour animer des s\u00e9ances de Tai Chi \/ Qi Gong en milieu hospitalier. La pratique propos\u00e9e diff\u00e8re de celle habituelle puisque les mouvements effectu\u00e9s sont simplifi\u00e9s, adapt\u00e9s selon les pathologies voire effectu\u00e9s assis &hellip;<\/p>\n","protected":false},"author":1,"featured_media":0,"parent":321,"menu_order":3,"comment_status":"closed","ping_status":"closed","template":"","meta":[],"_links":{"self":[{"href":"https:\/\/youxia-taichi.fr\/index.php\/wp-json\/wp\/v2\/pages\/32"}],"collection":[{"href":"https:\/\/youxia-taichi.fr\/index.php\/wp-json\/wp\/v2\/pages"}],"about":[{"href":"https:\/\/youxia-taichi.fr\/index.php\/wp-json\/wp\/v2\/types\/page"}],"author":[{"embeddable":true,"href":"https:\/\/youxia-taichi.fr\/index.php\/wp-json\/wp\/v2\/users\/1"}],"replies":[{"embeddable":true,"href":"https:\/\/youxia-taichi.fr\/index.php\/wp-json\/wp\/v2\/comments?post=32"}],"version-history":[{"count":26,"href":"https:\/\/youxia-taichi.fr\/index.php\/wp-json\/wp\/v2\/pages\/32\/revisions"}],"predecessor-version":[{"id":414,"href":"https:\/\/youxia-taichi.fr\/index.php\/wp-json\/wp\/v2\/pages\/32\/revisions\/414"}],"up":[{"embeddable":true,"href":"https:\/\/youxia-taichi.fr\/index.php\/wp-json\/wp\/v2\/pages\/321"}],"wp:attachment":[{"href":"https:\/\/youxia-taichi.fr\/index.php\/wp-json\/wp\/v2\/media?parent=32"}],"curies":[{"name":"wp","href":"https:\/\/api.w.org\/{rel}","templated":true}]}}