{"id":124,"date":"2017-01-19T15:32:15","date_gmt":"2017-01-19T15:32:15","guid":{"rendered":"http:\/\/youxia-taichi.fr\/?page_id=124"},"modified":"2017-08-28T16:34:38","modified_gmt":"2017-08-28T16:34:38","slug":"contact","status":"publish","type":"page","link":"https:\/\/youxia-taichi.fr\/index.php\/ressources\/contact\/","title":{"rendered":"Liens"},"content":{"rendered":"<p><strong>Lieux des cours de Youxia Tai Chi :<\/strong><\/p>\n<ul>\n<li><a href=\"https:\/\/www.mariacanal.fr\/\">Maria Canal<\/a> : Maria Canal est une \u00e9cole Montessori situ\u00e9e dans le 19\u00e8me arrondissement qui propose de nombreuses activit\u00e9s d\u00e9di\u00e9es au bien-\u00eatre et \u00e0 la sant\u00e9 (MBSR, Yoga, Pilates&#8230;);<\/li>\n<li><a href=\"http:\/\/www.dynamicsportparis8.fr\/\">Association Dynamic Sport<\/a> : Cette association dispense de nombreux cours li\u00e9s \u00e0 la culture physique.<\/li>\n<\/ul>\n<p><strong>Sites d&rsquo;associations enseignant le style Wudang Practical :<\/strong><\/p>\n<ul>\n<li><a href=\"http:\/\/wudangsanbao.free.fr\/\">Wudang San Bao<\/a> : Le site de Dominique Robin, ma prof, \u00e0 qui je dois tant !<\/li>\n<li><a href=\"http:\/\/wudang.pagesperso-orange.fr\/\">Wudang Paris<\/a> : Association amie qui enseigne dans le 18\u00e8me arrondissement ;<\/li>\n<li><a href=\"http:\/\/www.zhenwutaichi.com\/\">Zhen Wu<\/a> : Cours du style Wudang Practical dans le 17\u00e8me arrondissement;<\/li>\n<li><a href=\"http:\/\/www.taichichuan.co.uk\/\">Practical Tai Chi Chuan International<\/a> : Dan Docherty est l&rsquo;introducteur du style en Europe et un personnage incontournable du milieu des arts martiaux ;<\/li>\n<li><a href=\"http:\/\/www.torbenrif.com\/\">Torben Rif<\/a> : Torben Rif<\/li>\n<li><a href=\"http:\/\/www.taichi-school.co.uk\/\">Three Treasures Tai Chi School<\/a> : Godfrey Dornelly<\/li>\n<li><a href=\"http:\/\/tigerguardingthegate.co.uk\/\">Tiger Guarding the Gate<\/a> : Albert St Catherine<\/li>\n<li><a href=\"https:\/\/wudangtaichichuan.wordpress.com\/\">Paul Silvestrale<\/a> :<\/li>\n<\/ul>\n<p>&nbsp;<\/p>\n<p><strong>Liens connexes :<\/strong><\/p>\n<p>Faemc<\/p>\n<p>&nbsp;<\/p>\n","protected":false},"excerpt":{"rendered":"<p>Lieux des cours de Youxia Tai Chi : Maria Canal : Maria Canal est une \u00e9cole Montessori situ\u00e9e dans le 19\u00e8me arrondissement qui propose de nombreuses activit\u00e9s d\u00e9di\u00e9es au bien-\u00eatre et \u00e0 la sant\u00e9 (MBSR, Yoga, Pilates&#8230;); Association Dynamic Sport : Cette association dispense de nombreux cours li\u00e9s \u00e0 la &hellip;<\/p>\n","protected":false},"author":1,"featured_media":0,"parent":85,"menu_order":6,"comment_status":"closed","ping_status":"closed","template":"","meta":[],"_links":{"self":[{"href":"https:\/\/youxia-taichi.fr\/index.php\/wp-json\/wp\/v2\/pages\/124"}],"collection":[{"href":"https:\/\/youxia-taichi.fr\/index.php\/wp-json\/wp\/v2\/pages"}],"about":[{"href":"https:\/\/youxia-taichi.fr\/index.php\/wp-json\/wp\/v2\/types\/page"}],"author":[{"embeddable":true,"href":"https:\/\/youxia-taichi.fr\/index.php\/wp-json\/wp\/v2\/users\/1"}],"replies":[{"embeddable":true,"href":"https:\/\/youxia-taichi.fr\/index.php\/wp-json\/wp\/v2\/comments?post=124"}],"version-history":[{"count":9,"href":"https:\/\/youxia-taichi.fr\/index.php\/wp-json\/wp\/v2\/pages\/124\/revisions"}],"predecessor-version":[{"id":287,"href":"https:\/\/youxia-taichi.fr\/index.php\/wp-json\/wp\/v2\/pages\/124\/revisions\/287"}],"up":[{"embeddable":true,"href":"https:\/\/youxia-taichi.fr\/index.php\/wp-json\/wp\/v2\/pages\/85"}],"wp:attachment":[{"href":"https:\/\/youxia-taichi.fr\/index.php\/wp-json\/wp\/v2\/media?parent=124"}],"curies":[{"name":"wp","href":"https:\/\/api.w.org\/{rel}","templated":true}]}}